{"id":372,"date":"2024-03-21T16:59:07","date_gmt":"2024-03-21T15:59:07","guid":{"rendered":"https:\/\/hockeyclubvalenciennes.com\/?page_id=372"},"modified":"2026-04-03T13:20:11","modified_gmt":"2026-04-03T11:20:11","slug":"la-note-dhistoire","status":"publish","type":"page","link":"https:\/\/hockeyclubvalenciennes.com\/index.php\/club\/la-note-dhistoire\/","title":{"rendered":"La note d&rsquo;Histoire"},"content":{"rendered":"\n<p>Les racines du hockey \u2013 qui tire son nom du mot fran\u00e7ais \u00ab hocquet \u00bb, qui signifie crochet de berger en r\u00e9f\u00e9rence \u00e0 la forme de la crosse \u2013 sont profond\u00e9ment ancr\u00e9es dans l\u2019Antiquit\u00e9. Des \u00e9l\u00e9ments historiques sugg\u00e8rent qu\u2019une forme brute du sport a \u00e9t\u00e9 pratiqu\u00e9e il y a 4 000 ans en \u00c9gypte et des variations anciennes jou\u00e9es en \u00c9thiopie (1 000 av. J.-C.) et en Iran (2 000 av. J.-C.).<\/p>\n\n\n<div class=\"wp-block-image\">\n<figure class=\"aligncenter size-full\"><img loading=\"lazy\" decoding=\"async\" width=\"542\" height=\"221\" src=\"https:\/\/hockeyclubvalenciennes.com\/wp-content\/uploads\/2024\/03\/hockey-dans-le-monde-1.jpg\" alt=\"\" class=\"wp-image-386\" srcset=\"https:\/\/hockeyclubvalenciennes.com\/wp-content\/uploads\/2024\/03\/hockey-dans-le-monde-1.jpg 542w, https:\/\/hockeyclubvalenciennes.com\/wp-content\/uploads\/2024\/03\/hockey-dans-le-monde-1-300x122.jpg 300w, https:\/\/hockeyclubvalenciennes.com\/wp-content\/uploads\/2024\/03\/hockey-dans-le-monde-1-421x172.jpg 421w\" sizes=\"auto, (max-width: 542px) 100vw, 542px\" \/><\/figure><\/div>\n\n\n<p>Divers mus\u00e9es rapportent qu\u2019une forme du jeu a \u00e9t\u00e9 jou\u00e9e par les Romains et les Grecs ainsi que par les Azt\u00e8ques plusieurs si\u00e8cles avant l\u2019arriv\u00e9e de Christophe Colomb dans le Nouveau Monde.<\/p>\n\n\n\n<p>Le hockey moderne a \u00e9merg\u00e9 en Angleterre au milieu du 19e si\u00e8cle et est largement attribu\u00e9 \u00e0 la croissance des \u00e9coles priv\u00e9es, comme Eton. La premi\u00e8re f\u00e9d\u00e9ration de hockey a \u00e9t\u00e9 cr\u00e9\u00e9e au Royaume-Uni en 1876 et a \u00e9tabli le premier ensemble formel de r\u00e8gles du jeu.<\/p>\n\n\n\n<p>La parit\u00e9 est une valeur essentielle au sein du hockey; sur les 30 millions de joueurs et joueuses de hockey dans le monde, 51% sont des femmes et 49% des hommes.<\/p>\n\n\n<div class=\"wp-block-image\">\n<figure class=\"aligncenter size-large is-resized\"><img loading=\"lazy\" decoding=\"async\" width=\"1024\" height=\"390\" src=\"https:\/\/hockeyclubvalenciennes.com\/wp-content\/uploads\/2024\/03\/1640-624-max-1024x390.jpg\" alt=\"\" class=\"wp-image-387\" style=\"width:630px;height:auto\" srcset=\"https:\/\/hockeyclubvalenciennes.com\/wp-content\/uploads\/2024\/03\/1640-624-max-1024x390.jpg 1024w, https:\/\/hockeyclubvalenciennes.com\/wp-content\/uploads\/2024\/03\/1640-624-max-300x114.jpg 300w, https:\/\/hockeyclubvalenciennes.com\/wp-content\/uploads\/2024\/03\/1640-624-max-768x292.jpg 768w, https:\/\/hockeyclubvalenciennes.com\/wp-content\/uploads\/2024\/03\/1640-624-max-1536x584.jpg 1536w, https:\/\/hockeyclubvalenciennes.com\/wp-content\/uploads\/2024\/03\/1640-624-max-421x160.jpg 421w, https:\/\/hockeyclubvalenciennes.com\/wp-content\/uploads\/2024\/03\/1640-624-max.jpg 1640w\" sizes=\"auto, (max-width: 1024px) 100vw, 1024px\" \/><\/figure><\/div>\n\n\n<p>En bref:<\/p>\n\n\n\n<p>Vitesse, technicit\u00e9, fun !&nbsp; Voil\u00e0 les principales caract\u00e9ristiques du hockey, sport exaltant et \u00f4 combien dynamique, auxquelles ils convient d\u2019ajouter l\u2019endurance et une grande coordination. Un match de hockey se joue \u00e0 onze contre onze et dure 60 minutes. Il se compose de 4 p\u00e9riodes de 15 minutes. Sur le terrain, chaque \u00e9quipe dispose de dix joueurs de champ en position d\u2019attaquants, de milieux de terrain et de d\u00e9fenseurs ainsi que d\u2019un gardien de but. Chaque joueur peut \u00eatre remplac\u00e9 \u00e0 tout moment et aussi souvent que voulu. Une \u00e9quipe peut faire le choix de jouer sans gardien (temporairement, en principe). Dans les matches \u00e0 \u00e9limination directe, une s\u00e9ance de shootouts d\u00e9partage les \u00e9quipes \u00e0 \u00e9galit\u00e9 \u00e0 l\u2019issue du temps r\u00e9glementaire.<\/p>\n\n\n\n<p>Si lors des d\u00e9buts de ce sport, l\u2019herbe \u00e9tait naturelle, elle ralentissait le jeu. Le choix d\u2019un gazon synth\u00e9tique a \u00e9t\u00e9 fait pour rendre le jeu plus rapide, et plus moderne. Le terrain est \u00e9galement mouill\u00e9, ce qui acc\u00e9l\u00e8re encore plus le mouvement de la balle.<\/p>\n\n\n<div class=\"wp-block-image\">\n<figure class=\"aligncenter size-large is-resized\"><img loading=\"lazy\" decoding=\"async\" width=\"1024\" height=\"683\" src=\"https:\/\/hockeyclubvalenciennes.com\/wp-content\/uploads\/2024\/03\/432407659_911465850980489_8355061810282648928_n-1024x683.jpg\" alt=\"\" class=\"wp-image-385\" style=\"width:434px;height:auto\" srcset=\"https:\/\/hockeyclubvalenciennes.com\/wp-content\/uploads\/2024\/03\/432407659_911465850980489_8355061810282648928_n-1024x683.jpg 1024w, https:\/\/hockeyclubvalenciennes.com\/wp-content\/uploads\/2024\/03\/432407659_911465850980489_8355061810282648928_n-300x200.jpg 300w, https:\/\/hockeyclubvalenciennes.com\/wp-content\/uploads\/2024\/03\/432407659_911465850980489_8355061810282648928_n-768x512.jpg 768w, https:\/\/hockeyclubvalenciennes.com\/wp-content\/uploads\/2024\/03\/432407659_911465850980489_8355061810282648928_n-1536x1024.jpg 1536w, https:\/\/hockeyclubvalenciennes.com\/wp-content\/uploads\/2024\/03\/432407659_911465850980489_8355061810282648928_n-421x281.jpg 421w, https:\/\/hockeyclubvalenciennes.com\/wp-content\/uploads\/2024\/03\/432407659_911465850980489_8355061810282648928_n.jpg 2048w\" sizes=\"auto, (max-width: 1024px) 100vw, 1024px\" \/><\/figure><\/div>\n\n\n<p>Les athl\u00e8tes utilisent une crosse en forme de crochet, avec laquelle ils conduisent, contr\u00f4lent et frappent une balle dure. Seul le c\u00f4t\u00e9 plat du stick peut \u00eatre utilis\u00e9. A l\u2019exception du gardien, les joueurs ne sont pas autoris\u00e9s \u00e0 toucher la balle avec leurs mains ou leurs pieds.<\/p>\n\n\n\n<p>Une faute peut conduire l\u2019arbitre \u00e0 infliger un carton vert (2 minutes de suspension), jaune (5 minutes de suspension) ou rouge (exclusion du joueur). Un terrain de hockey mesure 91,4m de long et 55m de large. Les buts, situ\u00e9s \u00e0 chaque extr\u00e9mit\u00e9, sont entour\u00e9s par une zone de tir en forme de D. Les buts ne peuvent \u00eatre marqu\u00e9s que depuis l\u2019int\u00e9rieur de la zone de tir de l\u2019adversaire.<\/p>\n\n\n\n<h4 class=\"wp-block-heading\">C\u00f4t\u00e9 club :<\/h4>\n\n\n\n<p>Le HC Valenciennes est n\u00e9 apr\u00e8s la Seconde Guerre mondiale sous le nom de U.S.V.A Hockey Club. Le club a connu un r\u00e9el essor gr\u00e2ce \u00e0 Yves Soyez qui a cr\u00e9\u00e9 une section sport-\u00e9tudes au lyc\u00e9e de Le Quesnoy, petite ville situ\u00e9e \u00e0 proximit\u00e9 de Valenciennes. La g\u00e9n\u00e9ration montante du milieu des ann\u00e9es 1990 est en bonne partie issue de cette section.<\/p>\n\n\n\n<p>Il y a une dizaine d\u2019ann\u00e9es, le club a quitt\u00e9 le complexe sportif Nungesser au profit du complexe Vauban dot\u00e9 d\u2019un terrain synth\u00e9tique sabl\u00e9. La saison 2009 marque un tournant dans la vie du club avec l\u2019annonce d\u2019un nouveau terrain synth\u00e9tique sabl\u00e9, avec syst\u00e8me d\u2019arrosage, qui permet de jouer \u00e0 domicile lors des matches Elite. La saison 2009 a \u00e9galement vu la cr\u00e9ation de la premi\u00e8re \u00e9quipe f\u00e9minine, une \u00e9tape suppl\u00e9mentaire dans le d\u00e9veloppement du club.<\/p>\n\n\n<div class=\"wp-block-image\">\n<figure class=\"aligncenter size-large is-resized\"><img loading=\"lazy\" decoding=\"async\" width=\"791\" height=\"1024\" src=\"https:\/\/hockeyclubvalenciennes.com\/wp-content\/uploads\/2024\/03\/lg-1-791x1024.png\" alt=\"\" class=\"wp-image-384\" style=\"width:296px;height:auto\" srcset=\"https:\/\/hockeyclubvalenciennes.com\/wp-content\/uploads\/2024\/03\/lg-1-791x1024.png 791w, https:\/\/hockeyclubvalenciennes.com\/wp-content\/uploads\/2024\/03\/lg-1-232x300.png 232w, https:\/\/hockeyclubvalenciennes.com\/wp-content\/uploads\/2024\/03\/lg-1-768x994.png 768w, https:\/\/hockeyclubvalenciennes.com\/wp-content\/uploads\/2024\/03\/lg-1-1187x1536.png 1187w, https:\/\/hockeyclubvalenciennes.com\/wp-content\/uploads\/2024\/03\/lg-1.png 1536w\" sizes=\"auto, (max-width: 791px) 100vw, 791px\" \/><\/figure><\/div>\n\n\n<p>L\u2019\u00e9quipe premi\u00e8re joue au plus haut niveau en salle depuis plus de dix ans. L\u2019ann\u00e9e 2008 a \u00e9t\u00e9 marqu\u00e9e par une premi\u00e8re participation en Coupe d\u2019Europe de hockey en salle \u00e0 Espinho (POR) apr\u00e8s avoir conquis deux titres de vice-champion de France en Elite salle en 2006 et 2007.<\/p>\n\n\n\n<p>En 2009, l\u2019\u00e9quipe premi\u00e8re remporte le championnat de France de Nationale 1 gazon, obtenant son ticket pour le championnat Elite. Malheureusement, elle redescend l\u2019ann\u00e9e suivante. Depuis, elle s\u2019est stabilis\u00e9e \u00e0 nouveau en Nationale 1, m\u00eame si elle a connu des hauts et des bas. Le dimanche 1er juin 2014, elle obtient d\u2019ailleurs une nouvelle mont\u00e9e en Elite gr\u00e2ce \u00e0 une victoire 9-0 sur Douai en phase de \u00ab&nbsp;Promotion Elite&nbsp;\u00bb.<\/p>\n\n\n\n<p>En 2010, elle avait \u00e9t\u00e9 r\u00e9trograd\u00e9e volontairement en Nationale 2, \u00e0 la suite du d\u00e9part de nombreux joueurs. Il lui faudra alors deux ans pour remonter en N1 et lors de leur retour \u00e0 ce niveau, une victoire \u00e0 la derni\u00e8re journ\u00e9e pour se maintenir. La saison 2012\/2013, avec le retour de nombreux cadres, voit l\u2019\u00e9quipe se qualifier pour la phase de \u00ab&nbsp;Promotion Elite&nbsp;\u00bb mais malheureusement \u00e9chouer pour la mont\u00e9e lors de la derni\u00e8re journ\u00e9e \u00e0 Nantes.<\/p>\n\n\n\n<p>Pour la saison 2013\/2014, le HCV parvient \u00e0 nouveau se qualifier en Promotion Elite, lors de son dernier match \u00e0 domicile en novembre contre Lambersart. Et Les Rouge et Blanc obtiennent donc leur ticket pour l\u2019Elite 2014\/2015 lors de la deuxi\u00e8me partie de saison\u2026<\/p>\n\n\n\n<p>De son c\u00f4t\u00e9, la r\u00e9serve \u00e9voluait en Nationale 3 gazon depuis plusieurs ann\u00e9es et en Nationale 2 salle (niveau maximum pour une r\u00e9serve) depuis tr\u00e8s longtemps, avec quelques titres nationaux \u00e0 la cl\u00e9. Le dernier en date le dimanche 8 mars 2015, ou l\u2019\u00e9quipe remporte la N2 \u00e0 la suite d\u2019une victoire contre Caen (7-4) lors du tour final \u00e0 Bordeaux. Le 1er juin 2014, la r\u00e9serve avait \u00e9galement obtenu son ticket pour Nationale 2 gazon, par une victoire 5-3. Cette \u00e9quipe constitue le point de transit pour les jeunes du club appel\u00e9s \u00e0 int\u00e9grer le groupe de l\u2019\u00e9quipe premi\u00e8re.<\/p>\n\n\n\n<p>&nbsp;Les jeunes sont quant \u00e0 eux toujours pr\u00e9sents dans les championnats r\u00e9gionaux m\u00eame si le club a pein\u00e9 \u00e0 recruter ces derni\u00e8res ann\u00e9es. Fort heureusement, quelques joueurs se sont investis de cette mission de d\u00e9couverte et de formation au sein des \u00e9coles ou des municipalit\u00e9s du bassin valenciennois et la croissance a repris depuis quelques ann\u00e9es. Les effectifs de l\u2019\u00e9cole de hockey sont en forte hausse.<\/p>\n\n\n\n<h4 class=\"wp-block-heading\">Double champion de France en salle :<\/h4>\n\n\n<div class=\"wp-block-image\">\n<figure class=\"aligncenter size-large is-resized\"><img loading=\"lazy\" decoding=\"async\" width=\"1024\" height=\"355\" src=\"https:\/\/hockeyclubvalenciennes.com\/wp-content\/uploads\/2024\/03\/424858598_884862783640796_5042733610796119588_n-1024x355.jpg\" alt=\"\" class=\"wp-image-383\" style=\"width:616px;height:auto\" srcset=\"https:\/\/hockeyclubvalenciennes.com\/wp-content\/uploads\/2024\/03\/424858598_884862783640796_5042733610796119588_n-1024x355.jpg 1024w, https:\/\/hockeyclubvalenciennes.com\/wp-content\/uploads\/2024\/03\/424858598_884862783640796_5042733610796119588_n-300x104.jpg 300w, https:\/\/hockeyclubvalenciennes.com\/wp-content\/uploads\/2024\/03\/424858598_884862783640796_5042733610796119588_n-768x266.jpg 768w, https:\/\/hockeyclubvalenciennes.com\/wp-content\/uploads\/2024\/03\/424858598_884862783640796_5042733610796119588_n-1536x532.jpg 1536w, https:\/\/hockeyclubvalenciennes.com\/wp-content\/uploads\/2024\/03\/424858598_884862783640796_5042733610796119588_n-421x146.jpg 421w, https:\/\/hockeyclubvalenciennes.com\/wp-content\/uploads\/2024\/03\/424858598_884862783640796_5042733610796119588_n.jpg 1600w\" sizes=\"auto, (max-width: 1024px) 100vw, 1024px\" \/><\/figure><\/div>\n\n\n<p>Le 10 f\u00e9vrier 2013, l\u2019\u00e9quipe Elite salle masculine devient championne de France pour la premi\u00e8re fois de son histoire en battant le Lille M\u00e9tropole Hockey Club, double tenant du titre, \u00e0 Douai, sur le score de 6-2. Lors des matchs de classement, Valenciennes avait gagn\u00e9 7 fois et perdu 2 fois en 9 matchs alors que Lille avait gagn\u00e9 9 fois en autant de matchs. Le Hockey Club Valenciennes a donc particip\u00e9 \u00e0 la deuxi\u00e8me Coupe d\u2019Europe de son histoire en f\u00e9vrier 2014 en Angleterre, avec les meilleures \u00e9quipes du continent. Malheureusement, elle est descendue en deuxi\u00e8me division europ\u00e9enne \u00e0 cette occasion.<\/p>\n\n\n\n<p>Mais une semaine avant son d\u00e9part en Coupe d\u2019Europe en Angleterre, le HCV a conserv\u00e9 son titre de champion de France de hockey en salle gr\u00e2ce \u00e0 une nouvelle victoire sur son rival lillois (4-3), le dimanche&nbsp;9 f\u00e9vrier 2014. En championnat r\u00e9gulier, les Valenciennois avaient cette fois domin\u00e9 les d\u00e9bats en finissant&nbsp;1<sup>er<\/sup>, avec tout de m\u00eame une d\u00e9faite face \u00e0 Lille. En 2015, ils participent donc \u00e0 la&nbsp;3<sup>e<\/sup>&nbsp;Coupe d\u2019Europe en salle, au Danemark \u00e0 Lingby. Ils parviennent \u00e0 cette occasion \u00e0 se maintenir en deuxi\u00e8me division europ\u00e9enne aux d\u00e9pens des locaux lors du dernier match. Au terme de celui-ci, le coach Franck Chirez annonce son d\u00e9part apr\u00e8s 12 saisons salle \u00e0 la t\u00eate du club, 12 demi-finales, 2 titres de champion, 3 de vice-champion et 3 coupes d\u2019Europe. Une nouvelle \u00e8re se pr\u00e9pare donc alors que le club a fini&nbsp;3<sup>e<\/sup>&nbsp;du championnat de France lors de la saison 2014-2015 indoor.<\/p>\n\n\n<div class=\"wp-block-image\">\n<figure class=\"aligncenter size-large is-resized\"><img loading=\"lazy\" decoding=\"async\" width=\"576\" height=\"1024\" src=\"https:\/\/hockeyclubvalenciennes.com\/wp-content\/uploads\/2024\/03\/426988157_886282496832158_9171176878380357081_n-edited-576x1024.jpg\" alt=\"\" class=\"wp-image-382\" style=\"object-fit:cover;width:400px;height:400px\" srcset=\"https:\/\/hockeyclubvalenciennes.com\/wp-content\/uploads\/2024\/03\/426988157_886282496832158_9171176878380357081_n-edited-576x1024.jpg 576w, https:\/\/hockeyclubvalenciennes.com\/wp-content\/uploads\/2024\/03\/426988157_886282496832158_9171176878380357081_n-edited-169x300.jpg 169w, https:\/\/hockeyclubvalenciennes.com\/wp-content\/uploads\/2024\/03\/426988157_886282496832158_9171176878380357081_n-edited.jpg 687w\" sizes=\"auto, (max-width: 576px) 100vw, 576px\" \/><\/figure><\/div>\n\n\n<h4 class=\"wp-block-heading\">Palmar\u00e8s :<\/h4>\n\n\n\n<ul class=\"wp-block-list\">\n<li>Champion de France Elite masculin salle : 2013, 2014, 2024<\/li>\n\n\n\n<li>Vice-champion de France Elite masculin salle : 2006, 2007, 2012, 2017<\/li>\n\n\n\n<li>Champion de France Nationale 1 masculin gazon : 2009 2018<\/li>\n<\/ul>\n\n\n\n<p><br><br><br><br><br><br>Histoire olympique<\/p>\n\n\n\n<figure class=\"wp-block-image size-large\"><img loading=\"lazy\" decoding=\"async\" width=\"1199\" height=\"369\" src=\"https:\/\/hockeyclubvalenciennes.com\/wp-content\/uploads\/2024\/03\/Capture-decran-2024-03-21-a-16.46.45-edited.png\" alt=\"\" class=\"wp-image-380\" srcset=\"https:\/\/hockeyclubvalenciennes.com\/wp-content\/uploads\/2024\/03\/Capture-decran-2024-03-21-a-16.46.45-edited.png 1199w, https:\/\/hockeyclubvalenciennes.com\/wp-content\/uploads\/2024\/03\/Capture-decran-2024-03-21-a-16.46.45-edited-300x92.png 300w, https:\/\/hockeyclubvalenciennes.com\/wp-content\/uploads\/2024\/03\/Capture-decran-2024-03-21-a-16.46.45-edited-1024x315.png 1024w, https:\/\/hockeyclubvalenciennes.com\/wp-content\/uploads\/2024\/03\/Capture-decran-2024-03-21-a-16.46.45-edited-768x236.png 768w, https:\/\/hockeyclubvalenciennes.com\/wp-content\/uploads\/2024\/03\/Capture-decran-2024-03-21-a-16.46.45-edited-421x130.png 421w\" sizes=\"auto, (max-width: 1199px) 100vw, 1199px\" \/><\/figure>\n\n\n\n<p>Le hockey apparait pour la premi\u00e8re fois aux Jeux en 1908, \u00e0 Londres. Il fait son entr\u00e9e d\u00e9finitive au programme olympique en 1928, \u00e0 Amsterdam. Les femmes font leur entr\u00e9e au programme en 1980, aux Jeux de Moscou.&nbsp;<\/p>\n\n\n\n<p>Du fait de son origine moderne anglo-saxonne, le hockey est logiquement domin\u00e9 par des pays membres ou anciens membres de l\u2019Empire Britannique tels que l\u2019Inde, le Pakistan, l\u2019Australie, la Nouvelle-Z\u00e9lande, l\u2019Afrique du Sud et bien \u00e9videmment la Grande-Bretagne. L\u2019\u00e9quipe masculine d\u2019Inde est celle qui appose la plus forte domination sur le palmar\u00e8s olympique. L\u2019Inde est en effet huit fois m\u00e9daill\u00e9e d\u2019or, avec six titres cons\u00e9cutifs dans le tournoi masculin entre 1928 et 1956. Sur cette p\u00e9riode, elle encha\u00eene notamment trente victoires sans la moindre d\u00e9faite avec 197 buts inscrits et seulement huit encaiss\u00e9s. N\u00e9anmoins, d\u2019autres nations \u2013 comme l\u2019Argentine, les Pays-Bas, l\u2019Allemagne, la Belgique, l\u2019Espagne et la France \u2013 se sont hiss\u00e9es aux premi\u00e8res places du classement mondial, rendant ce sport v\u00e9ritablement plan\u00e9taire.<\/p>\n\n\n<div class=\"wp-block-image\">\n<figure class=\"alignright size-large is-resized\"><img loading=\"lazy\" decoding=\"async\" width=\"1024\" height=\"768\" src=\"https:\/\/hockeyclubvalenciennes.com\/wp-content\/uploads\/2023\/12\/hcvlogoparis2024-1024x768.png\" alt=\"\" class=\"wp-image-54\" style=\"width:232px;height:auto\" srcset=\"https:\/\/hockeyclubvalenciennes.com\/wp-content\/uploads\/2023\/12\/hcvlogoparis2024-1024x768.png 1024w, https:\/\/hockeyclubvalenciennes.com\/wp-content\/uploads\/2023\/12\/hcvlogoparis2024-300x225.png 300w, https:\/\/hockeyclubvalenciennes.com\/wp-content\/uploads\/2023\/12\/hcvlogoparis2024-768x576.png 768w, https:\/\/hockeyclubvalenciennes.com\/wp-content\/uploads\/2023\/12\/hcvlogoparis2024-1536x1152.png 1536w, https:\/\/hockeyclubvalenciennes.com\/wp-content\/uploads\/2023\/12\/hcvlogoparis2024-400x300.png 400w, https:\/\/hockeyclubvalenciennes.com\/wp-content\/uploads\/2023\/12\/hcvlogoparis2024.png 1890w\" sizes=\"auto, (max-width: 1024px) 100vw, 1024px\" \/><\/figure><\/div>\n\n\n<p>Lors des Jeux de Tokyo en 2021, ce sont la Belgique chez les hommes et les Pays-Bas chez les femmes qui se sont impos\u00e9s en finale pour d\u00e9crocher l\u2019or.<\/p>\n\n\n\n<p>Epreuves en 2024<\/p>\n\n\n\n<p>Les tournois de hockey de Paris 2024 se d\u00e9rouleront du 27 juillet au 9 ao\u00fbt.<\/p>\n","protected":false},"excerpt":{"rendered":"<p>Les racines du hockey \u2013 qui tire son nom du mot fran\u00e7ais \u00ab hocquet \u00bb, qui signifie crochet de berger en r\u00e9f\u00e9rence \u00e0 la forme &hellip;<\/p>\n","protected":false},"author":2,"featured_media":0,"parent":32,"menu_order":0,"comment_status":"closed","ping_status":"closed","template":"","meta":{"footnotes":""},"class_list":["post-372","page","type-page","status-publish","hentry"],"_links":{"self":[{"href":"https:\/\/hockeyclubvalenciennes.com\/index.php\/wp-json\/wp\/v2\/pages\/372","targetHints":{"allow":["GET"]}}],"collection":[{"href":"https:\/\/hockeyclubvalenciennes.com\/index.php\/wp-json\/wp\/v2\/pages"}],"about":[{"href":"https:\/\/hockeyclubvalenciennes.com\/index.php\/wp-json\/wp\/v2\/types\/page"}],"author":[{"embeddable":true,"href":"https:\/\/hockeyclubvalenciennes.com\/index.php\/wp-json\/wp\/v2\/users\/2"}],"replies":[{"embeddable":true,"href":"https:\/\/hockeyclubvalenciennes.com\/index.php\/wp-json\/wp\/v2\/comments?post=372"}],"version-history":[{"count":4,"href":"https:\/\/hockeyclubvalenciennes.com\/index.php\/wp-json\/wp\/v2\/pages\/372\/revisions"}],"predecessor-version":[{"id":722,"href":"https:\/\/hockeyclubvalenciennes.com\/index.php\/wp-json\/wp\/v2\/pages\/372\/revisions\/722"}],"up":[{"embeddable":true,"href":"https:\/\/hockeyclubvalenciennes.com\/index.php\/wp-json\/wp\/v2\/pages\/32"}],"wp:attachment":[{"href":"https:\/\/hockeyclubvalenciennes.com\/index.php\/wp-json\/wp\/v2\/media?parent=372"}],"curies":[{"name":"wp","href":"https:\/\/api.w.org\/{rel}","templated":true}]}}