{"id":32,"date":"2023-12-15T11:30:50","date_gmt":"2023-12-15T10:30:50","guid":{"rendered":"https:\/\/hockeyclubvalenciennes.com\/?page_id=32"},"modified":"2024-03-26T11:10:52","modified_gmt":"2024-03-26T10:10:52","slug":"club","status":"publish","type":"page","link":"https:\/\/hockeyclubvalenciennes.com\/index.php\/club\/","title":{"rendered":"Club"},"content":{"rendered":"\n<h4 class=\"wp-block-heading\">Organigramme :<\/h4>\n\n\n<div class=\"wp-block-image\">\n<figure class=\"aligncenter size-large is-resized\"><img loading=\"lazy\" decoding=\"async\" width=\"724\" height=\"1024\" src=\"https:\/\/hockeyclubvalenciennes.com\/wp-content\/uploads\/2024\/03\/1-724x1024.png\" alt=\"\" class=\"wp-image-374\" style=\"width:550px;height:auto\" srcset=\"https:\/\/hockeyclubvalenciennes.com\/wp-content\/uploads\/2024\/03\/1-724x1024.png 724w, https:\/\/hockeyclubvalenciennes.com\/wp-content\/uploads\/2024\/03\/1-212x300.png 212w, https:\/\/hockeyclubvalenciennes.com\/wp-content\/uploads\/2024\/03\/1-768x1086.png 768w, https:\/\/hockeyclubvalenciennes.com\/wp-content\/uploads\/2024\/03\/1-1086x1536.png 1086w, https:\/\/hockeyclubvalenciennes.com\/wp-content\/uploads\/2024\/03\/1.png 1414w\" sizes=\"auto, (max-width: 724px) 100vw, 724px\" \/><\/figure><\/div>\n\n<div class=\"wp-block-image\">\n<figure class=\"aligncenter size-large is-resized\"><img loading=\"lazy\" decoding=\"async\" width=\"724\" height=\"1024\" src=\"https:\/\/hockeyclubvalenciennes.com\/wp-content\/uploads\/2024\/03\/ORGANIGRAMME-HCV-1-1-724x1024.png\" alt=\"\" class=\"wp-image-389\" style=\"width:551px;height:auto\" srcset=\"https:\/\/hockeyclubvalenciennes.com\/wp-content\/uploads\/2024\/03\/ORGANIGRAMME-HCV-1-1-724x1024.png 724w, https:\/\/hockeyclubvalenciennes.com\/wp-content\/uploads\/2024\/03\/ORGANIGRAMME-HCV-1-1-212x300.png 212w, https:\/\/hockeyclubvalenciennes.com\/wp-content\/uploads\/2024\/03\/ORGANIGRAMME-HCV-1-1-768x1086.png 768w, https:\/\/hockeyclubvalenciennes.com\/wp-content\/uploads\/2024\/03\/ORGANIGRAMME-HCV-1-1-1086x1536.png 1086w, https:\/\/hockeyclubvalenciennes.com\/wp-content\/uploads\/2024\/03\/ORGANIGRAMME-HCV-1-1.png 1414w\" sizes=\"auto, (max-width: 724px) 100vw, 724px\" \/><\/figure><\/div>\n\n\n<p>Le&nbsp;<strong>Hockey Club Valenciennes<\/strong>&nbsp;est un club fran\u00e7ais de hockey sur gazon&nbsp;fond\u00e9 apr\u00e8s la Seconde Guerre mondiale et bas\u00e9 \u00e0&nbsp;Valenciennes. L&rsquo;\u00e9quipe masculine du club a \u00e9volu\u00e9 parmi la deuxi\u00e8me division (Nationale 1) du hockey sur gazon fran\u00e7ais une majeure partie de ces dix derni\u00e8res ann\u00e9es mais elle fait en revanche partie du top 4 du hockey en salle hexagonal (Elite) depuis douze ans. Elle a d&rsquo;ailleurs \u00e9t\u00e9 championne de France indoor en 2013, 2014 &amp; 2024. Et lors de la saison gazon 2013-2014, elle a \u00e9galement \u00e9t\u00e9 promue en Elite, ce qui fait qu\u2019elle \u00e9volue au plus haut niveau sur les deux tableaux en 2015.<\/p>\n\n\n\n<h4 class=\"wp-block-heading\">Palmar\u00e8s :<\/h4>\n\n\n\n<ul class=\"wp-block-list\">\n<li>Champion de France Elite masculin salle : 2013, 2014, 2024<\/li>\n\n\n\n<li>Vice-champion de France Elite masculin salle : 2006, 2007, 2012, 2017<\/li>\n\n\n\n<li>Champion de France Nationale 1 masculin gazon : 2009 2018<\/li>\n<\/ul>\n","protected":false},"excerpt":{"rendered":"<p>Organigramme : Le&nbsp;Hockey Club Valenciennes&nbsp;est un club fran\u00e7ais de hockey sur gazon&nbsp;fond\u00e9 apr\u00e8s la Seconde Guerre mondiale et bas\u00e9 \u00e0&nbsp;Valenciennes. L&rsquo;\u00e9quipe masculine du club a &hellip;<\/p>\n","protected":false},"author":2,"featured_media":0,"parent":0,"menu_order":0,"comment_status":"closed","ping_status":"closed","template":"","meta":{"footnotes":""},"class_list":["post-32","page","type-page","status-publish","hentry"],"_links":{"self":[{"href":"https:\/\/hockeyclubvalenciennes.com\/index.php\/wp-json\/wp\/v2\/pages\/32","targetHints":{"allow":["GET"]}}],"collection":[{"href":"https:\/\/hockeyclubvalenciennes.com\/index.php\/wp-json\/wp\/v2\/pages"}],"about":[{"href":"https:\/\/hockeyclubvalenciennes.com\/index.php\/wp-json\/wp\/v2\/types\/page"}],"author":[{"embeddable":true,"href":"https:\/\/hockeyclubvalenciennes.com\/index.php\/wp-json\/wp\/v2\/users\/2"}],"replies":[{"embeddable":true,"href":"https:\/\/hockeyclubvalenciennes.com\/index.php\/wp-json\/wp\/v2\/comments?post=32"}],"version-history":[{"count":13,"href":"https:\/\/hockeyclubvalenciennes.com\/index.php\/wp-json\/wp\/v2\/pages\/32\/revisions"}],"predecessor-version":[{"id":390,"href":"https:\/\/hockeyclubvalenciennes.com\/index.php\/wp-json\/wp\/v2\/pages\/32\/revisions\/390"}],"wp:attachment":[{"href":"https:\/\/hockeyclubvalenciennes.com\/index.php\/wp-json\/wp\/v2\/media?parent=32"}],"curies":[{"name":"wp","href":"https:\/\/api.w.org\/{rel}","templated":true}]}}