{"id":160,"date":"2024-01-04T16:33:50","date_gmt":"2024-01-04T15:33:50","guid":{"rendered":"https:\/\/hockeyclubvalenciennes.com\/?page_id=160"},"modified":"2024-04-17T11:25:10","modified_gmt":"2024-04-17T09:25:10","slug":"sponsoring","status":"publish","type":"page","link":"https:\/\/hockeyclubvalenciennes.com\/index.php\/sponsoring\/","title":{"rendered":"Sponsoring"},"content":{"rendered":"\n<p><br><strong><u>Vous \u00eates une entreprise<\/u><\/strong><\/p>\n\n\n\n<p>Consultez nos offres de partenariats et nos supports de communication et nos partenaires<\/p>\n\n\n\n<div class=\"wp-block-file\"><a id=\"wp-block-file--media-375ec7ac-53cf-49ae-bf18-ae0ef10fce71\" href=\"https:\/\/hockeyclubvalenciennes.com\/wp-content\/uploads\/2024\/04\/Dossier-partenariat-2026.pptx\">Dossier-partenariat-2026<\/a><a href=\"https:\/\/hockeyclubvalenciennes.com\/wp-content\/uploads\/2024\/04\/Dossier-partenariat-2026.pptx\" class=\"wp-block-file__button wp-element-button\" download aria-describedby=\"wp-block-file--media-375ec7ac-53cf-49ae-bf18-ae0ef10fce71\">T\u00e9l\u00e9charger<\/a><\/div>\n\n\n\n<figure class=\"wp-block-table\"><table><tbody><tr><td>Montant du don<\/td><td>Pour une entreprise apr\u00e8s<br>d\u00e9duction fiscal<\/td><td>Vous financez<\/td><\/tr><tr><td>500\u20ac<\/td><td>200\u20ac<\/td><td>1 mois d\u2019entrainement d\u2019une \u00e9quipe<br>jeune<\/td><\/tr><tr><td>1000\u20ac<\/td><td>400\u20ac<\/td><td>1 mois d\u2019entrainement d\u2019une \u00e9quipe<br>juniors<\/td><\/tr><tr><td>2000\u20ac<\/td><td>800\u20ac<\/td><td>2 mois d\u2019entrainement d\u2019une \u00e9quipe<br>juniors<\/td><\/tr><tr><td>3000\u20ac<\/td><td>1200\u20ac<\/td><td>Le budget d\u2019un trimestre d\u2019une<br>\u00e9quipe jeunes<\/td><\/tr><tr><td>5000\u20ac<\/td><td>2000\u20ac<\/td><td>Le budget d\u2019un tournoi de<br>championnat de France<\/td><\/tr><tr><td>10000\u20ac<\/td><td>4000\u20ac<\/td><td>Le budget d\u2019une \u00e9quipe jeunes<\/td><\/tr><tr><td>15000\u20ac<\/td><td>6000\u20ac<\/td><td>Le budget d\u2019une \u00e9quipe s\u00e9niors<\/td><\/tr><\/tbody><\/table><\/figure>\n\n\n\n<p><strong><u>Vous \u00eates un particulier<\/u><\/strong><\/p>\n\n\n\n<p><br>Votre don au club donne droit \u00e0 66% de d\u00e9duction fiscale sur votre imp\u00f4t sur le revenu (75% si vous \u00eates soumis \u00e0 l\u2019Imp\u00f4t sur la Fortune Immobili\u00e8re)<\/p>\n\n\n\n<ul class=\"wp-block-list\">\n<li>Don ponctuel&nbsp; (ch\u00e8que, esp\u00e8ce, virement bancaire, don en ligne)\n<ul class=\"wp-block-list\">\n<li>50 \u20ac &nbsp;(17 euros apr\u00e8s r\u00e9duction fiscale)<\/li>\n\n\n\n<li>100 \u20ac (34 euros apr\u00e8s r\u00e9duction fiscale)<\/li>\n\n\n\n<li>200 \u20ac (68 euros apr\u00e8s r\u00e9duction fiscale)<\/li>\n\n\n\n<li>500 \u20ac (170&nbsp;euros apr\u00e8s r\u00e9duction fiscale)<\/li>\n\n\n\n<li>autre montant<\/li>\n<\/ul>\n<\/li>\n<\/ul>\n\n\n\n<h2 class=\"wp-block-heading\">Ils nous font d\u00e9j\u00e0 confiance : <\/h2>\n\n\n\n<figure class=\"wp-block-gallery aligncenter has-nested-images columns-default is-cropped wp-block-gallery-1 is-layout-flex wp-block-gallery-is-layout-flex\">\n<figure class=\"wp-block-image size-large\"><img loading=\"lazy\" decoding=\"async\" width=\"200\" height=\"200\" data-id=\"162\" src=\"https:\/\/hockeyclubvalenciennes.com\/wp-content\/uploads\/2024\/01\/1674488932010.jpeg\" alt=\"\" class=\"wp-image-162\" srcset=\"https:\/\/hockeyclubvalenciennes.com\/wp-content\/uploads\/2024\/01\/1674488932010.jpeg 200w, https:\/\/hockeyclubvalenciennes.com\/wp-content\/uploads\/2024\/01\/1674488932010-150x150.jpeg 150w\" sizes=\"auto, (max-width: 200px) 100vw, 200px\" \/><\/figure>\n\n\n\n<figure class=\"wp-block-image size-full\"><img loading=\"lazy\" decoding=\"async\" width=\"580\" height=\"560\" data-id=\"352\" src=\"https:\/\/hockeyclubvalenciennes.com\/wp-content\/uploads\/2024\/03\/logo-druart-proprete.png\" alt=\"\" class=\"wp-image-352\" srcset=\"https:\/\/hockeyclubvalenciennes.com\/wp-content\/uploads\/2024\/03\/logo-druart-proprete.png 580w, https:\/\/hockeyclubvalenciennes.com\/wp-content\/uploads\/2024\/03\/logo-druart-proprete-300x290.png 300w, https:\/\/hockeyclubvalenciennes.com\/wp-content\/uploads\/2024\/03\/logo-druart-proprete-311x300.png 311w\" sizes=\"auto, (max-width: 580px) 100vw, 580px\" \/><\/figure>\n\n\n\n<figure class=\"wp-block-image size-large\"><img loading=\"lazy\" decoding=\"async\" width=\"512\" height=\"512\" data-id=\"198\" src=\"https:\/\/hockeyclubvalenciennes.com\/wp-content\/uploads\/2024\/01\/cropped-favicon-1.png-1.png\" alt=\"\" class=\"wp-image-198\" srcset=\"https:\/\/hockeyclubvalenciennes.com\/wp-content\/uploads\/2024\/01\/cropped-favicon-1.png-1.png 512w, https:\/\/hockeyclubvalenciennes.com\/wp-content\/uploads\/2024\/01\/cropped-favicon-1.png-1-300x300.png 300w, https:\/\/hockeyclubvalenciennes.com\/wp-content\/uploads\/2024\/01\/cropped-favicon-1.png-1-150x150.png 150w\" sizes=\"auto, (max-width: 512px) 100vw, 512px\" \/><\/figure>\n\n\n\n<figure class=\"wp-block-image size-large\"><img loading=\"lazy\" decoding=\"async\" width=\"332\" height=\"590\" data-id=\"204\" src=\"https:\/\/hockeyclubvalenciennes.com\/wp-content\/uploads\/2024\/01\/2DBB1A3F-6684-46AF-AB0D-AAC14DEDCC94-1.jpg\" alt=\"\" class=\"wp-image-204\" srcset=\"https:\/\/hockeyclubvalenciennes.com\/wp-content\/uploads\/2024\/01\/2DBB1A3F-6684-46AF-AB0D-AAC14DEDCC94-1.jpg 332w, https:\/\/hockeyclubvalenciennes.com\/wp-content\/uploads\/2024\/01\/2DBB1A3F-6684-46AF-AB0D-AAC14DEDCC94-1-169x300.jpg 169w\" sizes=\"auto, (max-width: 332px) 100vw, 332px\" \/><\/figure>\n\n\n\n<figure class=\"wp-block-image size-large\"><img loading=\"lazy\" decoding=\"async\" width=\"576\" height=\"1024\" data-id=\"205\" src=\"https:\/\/hockeyclubvalenciennes.com\/wp-content\/uploads\/2024\/01\/56185067-E155-455E-89F8-B5E7051A85DB-576x1024.jpg\" alt=\"\" class=\"wp-image-205\" srcset=\"https:\/\/hockeyclubvalenciennes.com\/wp-content\/uploads\/2024\/01\/56185067-E155-455E-89F8-B5E7051A85DB-576x1024.jpg 576w, https:\/\/hockeyclubvalenciennes.com\/wp-content\/uploads\/2024\/01\/56185067-E155-455E-89F8-B5E7051A85DB-169x300.jpg 169w, https:\/\/hockeyclubvalenciennes.com\/wp-content\/uploads\/2024\/01\/56185067-E155-455E-89F8-B5E7051A85DB-768x1365.jpg 768w, https:\/\/hockeyclubvalenciennes.com\/wp-content\/uploads\/2024\/01\/56185067-E155-455E-89F8-B5E7051A85DB-864x1536.jpg 864w, https:\/\/hockeyclubvalenciennes.com\/wp-content\/uploads\/2024\/01\/56185067-E155-455E-89F8-B5E7051A85DB-1152x2048.jpg 1152w, https:\/\/hockeyclubvalenciennes.com\/wp-content\/uploads\/2024\/01\/56185067-E155-455E-89F8-B5E7051A85DB.jpg 1170w\" sizes=\"auto, (max-width: 576px) 100vw, 576px\" \/><\/figure>\n\n\n\n<figure class=\"wp-block-image size-large\"><img loading=\"lazy\" decoding=\"async\" width=\"576\" height=\"1024\" data-id=\"206\" src=\"https:\/\/hockeyclubvalenciennes.com\/wp-content\/uploads\/2024\/01\/6B7A5FF3-BE5C-4A25-A609-BE0CFF038512-576x1024.jpg\" alt=\"\" class=\"wp-image-206\" srcset=\"https:\/\/hockeyclubvalenciennes.com\/wp-content\/uploads\/2024\/01\/6B7A5FF3-BE5C-4A25-A609-BE0CFF038512-576x1024.jpg 576w, https:\/\/hockeyclubvalenciennes.com\/wp-content\/uploads\/2024\/01\/6B7A5FF3-BE5C-4A25-A609-BE0CFF038512-169x300.jpg 169w, https:\/\/hockeyclubvalenciennes.com\/wp-content\/uploads\/2024\/01\/6B7A5FF3-BE5C-4A25-A609-BE0CFF038512-768x1365.jpg 768w, https:\/\/hockeyclubvalenciennes.com\/wp-content\/uploads\/2024\/01\/6B7A5FF3-BE5C-4A25-A609-BE0CFF038512-864x1536.jpg 864w, https:\/\/hockeyclubvalenciennes.com\/wp-content\/uploads\/2024\/01\/6B7A5FF3-BE5C-4A25-A609-BE0CFF038512-1152x2048.jpg 1152w, https:\/\/hockeyclubvalenciennes.com\/wp-content\/uploads\/2024\/01\/6B7A5FF3-BE5C-4A25-A609-BE0CFF038512.jpg 1170w\" sizes=\"auto, (max-width: 576px) 100vw, 576px\" \/><\/figure>\n<\/figure>\n\n\n\n<figure class=\"wp-block-gallery has-nested-images columns-default is-cropped wp-block-gallery-2 is-layout-flex wp-block-gallery-is-layout-flex\">\n<figure class=\"wp-block-image size-large is-resized\"><img loading=\"lazy\" decoding=\"async\" width=\"1024\" height=\"686\" data-id=\"290\" src=\"https:\/\/hockeyclubvalenciennes.com\/wp-content\/uploads\/2024\/01\/logo-jimbat-1024x686.png\" alt=\"\" class=\"wp-image-290\" style=\"width:254px;height:auto\" srcset=\"https:\/\/hockeyclubvalenciennes.com\/wp-content\/uploads\/2024\/01\/logo-jimbat-1024x686.png 1024w, https:\/\/hockeyclubvalenciennes.com\/wp-content\/uploads\/2024\/01\/logo-jimbat-300x201.png 300w, https:\/\/hockeyclubvalenciennes.com\/wp-content\/uploads\/2024\/01\/logo-jimbat-768x514.png 768w, https:\/\/hockeyclubvalenciennes.com\/wp-content\/uploads\/2024\/01\/logo-jimbat-1536x1029.png 1536w, https:\/\/hockeyclubvalenciennes.com\/wp-content\/uploads\/2024\/01\/logo-jimbat-421x282.png 421w, https:\/\/hockeyclubvalenciennes.com\/wp-content\/uploads\/2024\/01\/logo-jimbat.png 1753w\" sizes=\"auto, (max-width: 1024px) 100vw, 1024px\" \/><\/figure>\n\n\n\n<figure class=\"wp-block-image size-large is-resized\"><img loading=\"lazy\" decoding=\"async\" width=\"1009\" height=\"577\" data-id=\"426\" src=\"https:\/\/hockeyclubvalenciennes.com\/wp-content\/uploads\/2024\/04\/Capture-decran-2024-04-12-a-17.02.48.png\" alt=\"\" class=\"wp-image-426\" style=\"width:253px;height:auto\" srcset=\"https:\/\/hockeyclubvalenciennes.com\/wp-content\/uploads\/2024\/04\/Capture-decran-2024-04-12-a-17.02.48.png 1009w, https:\/\/hockeyclubvalenciennes.com\/wp-content\/uploads\/2024\/04\/Capture-decran-2024-04-12-a-17.02.48-300x172.png 300w, https:\/\/hockeyclubvalenciennes.com\/wp-content\/uploads\/2024\/04\/Capture-decran-2024-04-12-a-17.02.48-768x439.png 768w, https:\/\/hockeyclubvalenciennes.com\/wp-content\/uploads\/2024\/04\/Capture-decran-2024-04-12-a-17.02.48-421x241.png 421w\" sizes=\"auto, (max-width: 1009px) 100vw, 1009px\" \/><\/figure>\n\n\n\n<figure class=\"wp-block-image size-large is-resized\"><img loading=\"lazy\" decoding=\"async\" width=\"350\" height=\"181\" data-id=\"425\" src=\"https:\/\/hockeyclubvalenciennes.com\/wp-content\/uploads\/2024\/04\/bdl-logo@2x.png\" alt=\"\" class=\"wp-image-425\" style=\"width:278px;height:auto\" srcset=\"https:\/\/hockeyclubvalenciennes.com\/wp-content\/uploads\/2024\/04\/bdl-logo@2x.png 350w, https:\/\/hockeyclubvalenciennes.com\/wp-content\/uploads\/2024\/04\/bdl-logo@2x-300x155.png 300w\" sizes=\"auto, (max-width: 350px) 100vw, 350px\" \/><\/figure>\n<\/figure>\n\n\n\n<figure class=\"wp-block-image size-full is-resized\"><img loading=\"lazy\" decoding=\"async\" width=\"550\" height=\"361\" src=\"https:\/\/hockeyclubvalenciennes.com\/wp-content\/uploads\/2024\/04\/speed-rabbit-pizza-logo.jpg\" alt=\"\" class=\"wp-image-427\" style=\"width:260px;height:auto\" srcset=\"https:\/\/hockeyclubvalenciennes.com\/wp-content\/uploads\/2024\/04\/speed-rabbit-pizza-logo.jpg 550w, https:\/\/hockeyclubvalenciennes.com\/wp-content\/uploads\/2024\/04\/speed-rabbit-pizza-logo-300x197.jpg 300w, https:\/\/hockeyclubvalenciennes.com\/wp-content\/uploads\/2024\/04\/speed-rabbit-pizza-logo-421x276.jpg 421w\" sizes=\"auto, (max-width: 550px) 100vw, 550px\" \/><\/figure>\n\n\n\n<p><strong>On parle de nous<\/strong><\/p>\n\n\n\n<p><a href=\"https:\/\/www.lavoixdunord.fr\/1426193\/article\/2024-02-02\/hockey-en-salle-le-titre-l-europe-dix-ans-apres-valenciennes-veut-de-nouveau\">https:\/\/www.lavoixdunord.fr\/1426193\/article\/2024-02-02\/hockey-en-salle-le-titre-l-europe-dix-ans-apres-valenciennes-veut-de-nouveau<\/a><\/p>\n\n\n\n<p><a href=\"https:\/\/www.lavoixdunord.fr\/1427128\/article\/2024-02-05\/hockey-en-salle-c-est-incroyable-champion-dix-ans-apres-valenciennes-est-de\">https:\/\/www.lavoixdunord.fr\/1427128\/article\/2024-02-05\/hockey-en-salle-c-est-incroyable-champion-dix-ans-apres-valenciennes-est-de<\/a><\/p>\n","protected":false},"excerpt":{"rendered":"<p>Vous \u00eates une entreprise Consultez nos offres de partenariats et nos supports de communication et nos partenaires Montant du don Pour une entreprise apr\u00e8sd\u00e9duction fiscal &hellip;<\/p>\n","protected":false},"author":2,"featured_media":0,"parent":0,"menu_order":0,"comment_status":"closed","ping_status":"closed","template":"","meta":{"footnotes":""},"class_list":["post-160","page","type-page","status-publish","hentry"],"_links":{"self":[{"href":"https:\/\/hockeyclubvalenciennes.com\/index.php\/wp-json\/wp\/v2\/pages\/160","targetHints":{"allow":["GET"]}}],"collection":[{"href":"https:\/\/hockeyclubvalenciennes.com\/index.php\/wp-json\/wp\/v2\/pages"}],"about":[{"href":"https:\/\/hockeyclubvalenciennes.com\/index.php\/wp-json\/wp\/v2\/types\/page"}],"author":[{"embeddable":true,"href":"https:\/\/hockeyclubvalenciennes.com\/index.php\/wp-json\/wp\/v2\/users\/2"}],"replies":[{"embeddable":true,"href":"https:\/\/hockeyclubvalenciennes.com\/index.php\/wp-json\/wp\/v2\/comments?post=160"}],"version-history":[{"count":9,"href":"https:\/\/hockeyclubvalenciennes.com\/index.php\/wp-json\/wp\/v2\/pages\/160\/revisions"}],"predecessor-version":[{"id":428,"href":"https:\/\/hockeyclubvalenciennes.com\/index.php\/wp-json\/wp\/v2\/pages\/160\/revisions\/428"}],"wp:attachment":[{"href":"https:\/\/hockeyclubvalenciennes.com\/index.php\/wp-json\/wp\/v2\/media?parent=160"}],"curies":[{"name":"wp","href":"https:\/\/api.w.org\/{rel}","templated":true}]}}