{"id":136,"date":"2023-12-29T17:36:49","date_gmt":"2023-12-29T16:36:49","guid":{"rendered":"https:\/\/hockeyclubvalenciennes.com\/?page_id=136"},"modified":"2024-01-04T16:13:03","modified_gmt":"2024-01-04T15:13:03","slug":"animations","status":"publish","type":"page","link":"https:\/\/hockeyclubvalenciennes.com\/index.php\/animations\/","title":{"rendered":"Animations"},"content":{"rendered":"\n<h2 class=\"wp-block-heading\">Vous cherchez une activit\u00e9 pour un \u00e9v\u00e9nement ? Vous \u00eates au bon endroit !<\/h2>\n\n\n\n<p>Bienvenue dans l&rsquo;univers passionnant du hockey sur gazon et du hockey en salle ! Vous souhaitez apporter une touche dynamique et originale \u00e0 vos \u00e9v\u00e9nements tels que des anniversaires ou des team building ? Nous avons la solution parfaite pour vous : des stages de hockey sur gazon ou en salle qui combinent comp\u00e9tition, esprit d&rsquo;\u00e9quipe et divertissement.<\/p>\n\n\n<div class=\"wp-block-image\">\n<figure class=\"alignright size-large is-resized\"><img loading=\"lazy\" decoding=\"async\" width=\"1024\" height=\"680\" src=\"https:\/\/hockeyclubvalenciennes.com\/wp-content\/uploads\/2024\/01\/293258470_5262391673842016_752086114687671705_n-1-1024x680.png\" alt=\"\" class=\"wp-image-143\" style=\"width:393px;height:auto\" srcset=\"https:\/\/hockeyclubvalenciennes.com\/wp-content\/uploads\/2024\/01\/293258470_5262391673842016_752086114687671705_n-1-1024x680.png 1024w, https:\/\/hockeyclubvalenciennes.com\/wp-content\/uploads\/2024\/01\/293258470_5262391673842016_752086114687671705_n-1-300x199.png 300w, https:\/\/hockeyclubvalenciennes.com\/wp-content\/uploads\/2024\/01\/293258470_5262391673842016_752086114687671705_n-1-768x510.png 768w, https:\/\/hockeyclubvalenciennes.com\/wp-content\/uploads\/2024\/01\/293258470_5262391673842016_752086114687671705_n-1-421x279.png 421w, https:\/\/hockeyclubvalenciennes.com\/wp-content\/uploads\/2024\/01\/293258470_5262391673842016_752086114687671705_n-1.png 1080w\" sizes=\"auto, (max-width: 1024px) 100vw, 1024px\" \/><\/figure><\/div>\n\n\n<p>Nos stages sont con\u00e7us pour s&rsquo;adapter \u00e0 tous les niveaux, des d\u00e9butants aux joueurs plus exp\u00e9riment\u00e9s. Encadr\u00e9s par des entra\u00eeneurs qualifi\u00e9s et passionn\u00e9s, les participants auront l&rsquo;opportunit\u00e9 d&rsquo;apprendre les bases du hockey, d&rsquo;am\u00e9liorer leurs comp\u00e9tences techniques et tactiques, et surtout, de vivre une exp\u00e9rience sportive inoubliable.<\/p>\n\n\n\n<p>Pour les anniversaires, imaginez un apr\u00e8s-midi o\u00f9 les enfants ou les adultes peuvent s&rsquo;initier au hockey sur gazon ou en salle, d\u00e9couvrir les joies de la comp\u00e9tition amicale et partager des moments forts en \u00e9motion. Nos formules flexibles permettent de personnaliser l&rsquo;animation en fonction de l&rsquo;\u00e2ge, du niveau de comp\u00e9tence et des pr\u00e9f\u00e9rences de chacun.<\/p>\n\n\n\n<p>Quant aux team building, nos stages de hockey offrent une approche ludique et stimulante pour renforcer la coh\u00e9sion au sein de votre \u00e9quipe. Les exercices d&rsquo;\u00e9quipe, les comp\u00e9titions amicales et les d\u00e9fis tactiques favorisent le travail collaboratif, la communication et la cr\u00e9ation de liens durables entre les participants.<\/p>\n\n\n<div class=\"wp-block-image\">\n<figure class=\"alignright size-large is-resized\"><img loading=\"lazy\" decoding=\"async\" width=\"1024\" height=\"680\" src=\"https:\/\/hockeyclubvalenciennes.com\/wp-content\/uploads\/2024\/01\/276298844_4944672108947309_4298418794012999047_n-1024x680.jpg\" alt=\"\" class=\"wp-image-144\" style=\"width:489px;height:auto\" srcset=\"https:\/\/hockeyclubvalenciennes.com\/wp-content\/uploads\/2024\/01\/276298844_4944672108947309_4298418794012999047_n-1024x680.jpg 1024w, https:\/\/hockeyclubvalenciennes.com\/wp-content\/uploads\/2024\/01\/276298844_4944672108947309_4298418794012999047_n-300x199.jpg 300w, https:\/\/hockeyclubvalenciennes.com\/wp-content\/uploads\/2024\/01\/276298844_4944672108947309_4298418794012999047_n-768x510.jpg 768w, https:\/\/hockeyclubvalenciennes.com\/wp-content\/uploads\/2024\/01\/276298844_4944672108947309_4298418794012999047_n-1536x1020.jpg 1536w, https:\/\/hockeyclubvalenciennes.com\/wp-content\/uploads\/2024\/01\/276298844_4944672108947309_4298418794012999047_n-421x280.jpg 421w, https:\/\/hockeyclubvalenciennes.com\/wp-content\/uploads\/2024\/01\/276298844_4944672108947309_4298418794012999047_n.jpg 1600w\" sizes=\"auto, (max-width: 1024px) 100vw, 1024px\" \/><\/figure><\/div>\n\n\n<p>Nous fournissons tout l&rsquo;\u00e9quipement n\u00e9cessaire, des crosses aux balles, en passant par les \u00e9quipements de protection, afin que chacun puisse profiter pleinement de l&rsquo;exp\u00e9rience. Que ce soit en plein air sur un terrain de hockey sur gazon ou en salle, l&rsquo;excitation et l&rsquo;\u00e9nergie positives seront au rendez-vous.<\/p>\n\n\n\n<p>Optez pour une animation sportive et dynamique qui laissera des souvenirs durables \u00e0 vos invit\u00e9s. Offrez-leur l&rsquo;opportunit\u00e9 de d\u00e9couvrir ou de red\u00e9couvrir le hockey sur gazon ou en salle dans un cadre convivial et festif. Contactez-nous d\u00e8s maintenant pour discuter des options de personnalisation et r\u00e9servez votre stage de hockey pour un \u00e9v\u00e9nement m\u00e9morable !<\/p>\n","protected":false},"excerpt":{"rendered":"<p>Vous cherchez une activit\u00e9 pour un \u00e9v\u00e9nement ? Vous \u00eates au bon endroit ! Bienvenue dans l&rsquo;univers passionnant du hockey sur gazon et du hockey &hellip;<\/p>\n","protected":false},"author":2,"featured_media":0,"parent":0,"menu_order":0,"comment_status":"closed","ping_status":"closed","template":"","meta":{"footnotes":""},"class_list":["post-136","page","type-page","status-publish","hentry"],"_links":{"self":[{"href":"https:\/\/hockeyclubvalenciennes.com\/index.php\/wp-json\/wp\/v2\/pages\/136","targetHints":{"allow":["GET"]}}],"collection":[{"href":"https:\/\/hockeyclubvalenciennes.com\/index.php\/wp-json\/wp\/v2\/pages"}],"about":[{"href":"https:\/\/hockeyclubvalenciennes.com\/index.php\/wp-json\/wp\/v2\/types\/page"}],"author":[{"embeddable":true,"href":"https:\/\/hockeyclubvalenciennes.com\/index.php\/wp-json\/wp\/v2\/users\/2"}],"replies":[{"embeddable":true,"href":"https:\/\/hockeyclubvalenciennes.com\/index.php\/wp-json\/wp\/v2\/comments?post=136"}],"version-history":[{"count":3,"href":"https:\/\/hockeyclubvalenciennes.com\/index.php\/wp-json\/wp\/v2\/pages\/136\/revisions"}],"predecessor-version":[{"id":159,"href":"https:\/\/hockeyclubvalenciennes.com\/index.php\/wp-json\/wp\/v2\/pages\/136\/revisions\/159"}],"wp:attachment":[{"href":"https:\/\/hockeyclubvalenciennes.com\/index.php\/wp-json\/wp\/v2\/media?parent=136"}],"curies":[{"name":"wp","href":"https:\/\/api.w.org\/{rel}","templated":true}]}}