{"id":125,"date":"2023-12-29T17:23:02","date_gmt":"2023-12-29T16:23:02","guid":{"rendered":"https:\/\/hockeyclubvalenciennes.com\/?page_id=125"},"modified":"2024-01-24T16:53:54","modified_gmt":"2024-01-24T15:53:54","slug":"planning-matchs","status":"publish","type":"page","link":"https:\/\/hockeyclubvalenciennes.com\/index.php\/actualites\/planning-matchs\/","title":{"rendered":"Planning Matchs"},"content":{"rendered":"\n<h2 class=\"wp-block-heading\"><a href=\"https:\/\/www.ffhockey.org\/championnat\/calendrier-et-resultats.html\">Lien vers le site de la f\u00e9d\u00e9ration<\/a><\/h2>\n\n\n\n<h2 class=\"wp-block-heading\">Tutoriel pour utiliser l&rsquo;agenda des matchs de la f\u00e9d\u00e9ration<\/h2>\n\n\n\n<h4 class=\"wp-block-heading\">Saisissez la discipline qui vous int\u00e9resse<\/h4>\n\n\n\n<figure class=\"wp-block-image size-full is-resized\"><img loading=\"lazy\" decoding=\"async\" width=\"486\" height=\"156\" src=\"https:\/\/hockeyclubvalenciennes.com\/wp-content\/uploads\/2024\/01\/Capture-decran-2024-01-24-a-16.16.22.png\" alt=\"\" class=\"wp-image-304\" style=\"width:214px;height:auto\" srcset=\"https:\/\/hockeyclubvalenciennes.com\/wp-content\/uploads\/2024\/01\/Capture-decran-2024-01-24-a-16.16.22.png 486w, https:\/\/hockeyclubvalenciennes.com\/wp-content\/uploads\/2024\/01\/Capture-decran-2024-01-24-a-16.16.22-300x96.png 300w, https:\/\/hockeyclubvalenciennes.com\/wp-content\/uploads\/2024\/01\/Capture-decran-2024-01-24-a-16.16.22-421x135.png 421w\" sizes=\"auto, (max-width: 486px) 100vw, 486px\" \/><\/figure>\n\n\n\n<h4 class=\"wp-block-heading\">Saisissez \u00ab\u00a0Valenciennes\u00a0\u00bb dans la case club<\/h4>\n\n\n\n<figure class=\"wp-block-image size-full is-resized\"><img loading=\"lazy\" decoding=\"async\" width=\"469\" height=\"147\" src=\"https:\/\/hockeyclubvalenciennes.com\/wp-content\/uploads\/2024\/01\/Capture-decran-2024-01-24-a-16.18.22.png\" alt=\"\" class=\"wp-image-305\" style=\"width:216px;height:auto\" srcset=\"https:\/\/hockeyclubvalenciennes.com\/wp-content\/uploads\/2024\/01\/Capture-decran-2024-01-24-a-16.18.22.png 469w, https:\/\/hockeyclubvalenciennes.com\/wp-content\/uploads\/2024\/01\/Capture-decran-2024-01-24-a-16.18.22-300x94.png 300w, https:\/\/hockeyclubvalenciennes.com\/wp-content\/uploads\/2024\/01\/Capture-decran-2024-01-24-a-16.18.22-421x132.png 421w\" sizes=\"auto, (max-width: 469px) 100vw, 469px\" \/><\/figure>\n\n\n\n<h4 class=\"wp-block-heading\">Cliquez sur le bouton \u00ab\u00a0Agenda du Club\u00a0\u00bb<\/h4>\n\n\n\n<figure class=\"wp-block-image size-full is-resized\"><img loading=\"lazy\" decoding=\"async\" width=\"495\" height=\"221\" src=\"https:\/\/hockeyclubvalenciennes.com\/wp-content\/uploads\/2024\/01\/Capture-decran-2024-01-24-a-16.19.51.png\" alt=\"\" class=\"wp-image-306\" style=\"width:214px;height:auto\" srcset=\"https:\/\/hockeyclubvalenciennes.com\/wp-content\/uploads\/2024\/01\/Capture-decran-2024-01-24-a-16.19.51.png 495w, https:\/\/hockeyclubvalenciennes.com\/wp-content\/uploads\/2024\/01\/Capture-decran-2024-01-24-a-16.19.51-300x134.png 300w, https:\/\/hockeyclubvalenciennes.com\/wp-content\/uploads\/2024\/01\/Capture-decran-2024-01-24-a-16.19.51-421x188.png 421w\" sizes=\"auto, (max-width: 495px) 100vw, 495px\" \/><\/figure>\n\n\n\n<h4 class=\"wp-block-heading\">Profitez de la programmation des matchs<\/h4>\n\n\n\n<figure class=\"wp-block-image size-large is-resized\"><img loading=\"lazy\" decoding=\"async\" width=\"1024\" height=\"623\" src=\"https:\/\/hockeyclubvalenciennes.com\/wp-content\/uploads\/2024\/01\/Capture-decran-2024-01-24-a-16.22.07-1024x623.png\" alt=\"\" class=\"wp-image-307\" style=\"width:661px;height:auto\" srcset=\"https:\/\/hockeyclubvalenciennes.com\/wp-content\/uploads\/2024\/01\/Capture-decran-2024-01-24-a-16.22.07-1024x623.png 1024w, https:\/\/hockeyclubvalenciennes.com\/wp-content\/uploads\/2024\/01\/Capture-decran-2024-01-24-a-16.22.07-300x183.png 300w, https:\/\/hockeyclubvalenciennes.com\/wp-content\/uploads\/2024\/01\/Capture-decran-2024-01-24-a-16.22.07-768x467.png 768w, https:\/\/hockeyclubvalenciennes.com\/wp-content\/uploads\/2024\/01\/Capture-decran-2024-01-24-a-16.22.07-1536x935.png 1536w, https:\/\/hockeyclubvalenciennes.com\/wp-content\/uploads\/2024\/01\/Capture-decran-2024-01-24-a-16.22.07-421x256.png 421w, https:\/\/hockeyclubvalenciennes.com\/wp-content\/uploads\/2024\/01\/Capture-decran-2024-01-24-a-16.22.07.png 1992w\" sizes=\"auto, (max-width: 1024px) 100vw, 1024px\" \/><\/figure>\n","protected":false},"excerpt":{"rendered":"<p>Lien vers le site de la f\u00e9d\u00e9ration Tutoriel pour utiliser l&rsquo;agenda des matchs de la f\u00e9d\u00e9ration Saisissez la discipline qui vous int\u00e9resse Saisissez \u00ab\u00a0Valenciennes\u00a0\u00bb dans &hellip;<\/p>\n","protected":false},"author":2,"featured_media":0,"parent":28,"menu_order":0,"comment_status":"closed","ping_status":"closed","template":"","meta":{"footnotes":""},"class_list":["post-125","page","type-page","status-publish","hentry"],"_links":{"self":[{"href":"https:\/\/hockeyclubvalenciennes.com\/index.php\/wp-json\/wp\/v2\/pages\/125","targetHints":{"allow":["GET"]}}],"collection":[{"href":"https:\/\/hockeyclubvalenciennes.com\/index.php\/wp-json\/wp\/v2\/pages"}],"about":[{"href":"https:\/\/hockeyclubvalenciennes.com\/index.php\/wp-json\/wp\/v2\/types\/page"}],"author":[{"embeddable":true,"href":"https:\/\/hockeyclubvalenciennes.com\/index.php\/wp-json\/wp\/v2\/users\/2"}],"replies":[{"embeddable":true,"href":"https:\/\/hockeyclubvalenciennes.com\/index.php\/wp-json\/wp\/v2\/comments?post=125"}],"version-history":[{"count":6,"href":"https:\/\/hockeyclubvalenciennes.com\/index.php\/wp-json\/wp\/v2\/pages\/125\/revisions"}],"predecessor-version":[{"id":309,"href":"https:\/\/hockeyclubvalenciennes.com\/index.php\/wp-json\/wp\/v2\/pages\/125\/revisions\/309"}],"up":[{"embeddable":true,"href":"https:\/\/hockeyclubvalenciennes.com\/index.php\/wp-json\/wp\/v2\/pages\/28"}],"wp:attachment":[{"href":"https:\/\/hockeyclubvalenciennes.com\/index.php\/wp-json\/wp\/v2\/media?parent=125"}],"curies":[{"name":"wp","href":"https:\/\/api.w.org\/{rel}","templated":true}]}}