{"id":119,"date":"2023-12-29T17:18:21","date_gmt":"2023-12-29T16:18:21","guid":{"rendered":"https:\/\/hockeyclubvalenciennes.com\/?page_id=119"},"modified":"2026-04-03T13:17:05","modified_gmt":"2026-04-03T11:17:05","slug":"equipes","status":"publish","type":"page","link":"https:\/\/hockeyclubvalenciennes.com\/index.php\/club\/equipes\/","title":{"rendered":"\u00c9quipes"},"content":{"rendered":"\n<h2 class=\"wp-block-heading\">\u00c9quipe 1<\/h2>\n\n\n<div class=\"wp-block-image\">\n<figure class=\"aligncenter size-large is-resized\"><img loading=\"lazy\" decoding=\"async\" width=\"1024\" height=\"785\" src=\"https:\/\/hockeyclubvalenciennes.com\/wp-content\/uploads\/2026\/03\/IMG_7364-1024x785.jpg\" alt=\"\" class=\"wp-image-564\" style=\"width:435px;height:auto\" srcset=\"https:\/\/hockeyclubvalenciennes.com\/wp-content\/uploads\/2026\/03\/IMG_7364-1024x785.jpg 1024w, https:\/\/hockeyclubvalenciennes.com\/wp-content\/uploads\/2026\/03\/IMG_7364-300x230.jpg 300w, https:\/\/hockeyclubvalenciennes.com\/wp-content\/uploads\/2026\/03\/IMG_7364-768x589.jpg 768w, https:\/\/hockeyclubvalenciennes.com\/wp-content\/uploads\/2026\/03\/IMG_7364-391x300.jpg 391w, https:\/\/hockeyclubvalenciennes.com\/wp-content\/uploads\/2026\/03\/IMG_7364.jpg 1170w\" sizes=\"auto, (max-width: 1024px) 100vw, 1024px\" \/><\/figure><\/div>\n\n\n<h2 class=\"wp-block-heading\">\u00c9quipe 2<\/h2>\n\n\n<div class=\"wp-block-image\">\n<figure class=\"aligncenter size-full is-resized\"><img loading=\"lazy\" decoding=\"async\" width=\"995\" height=\"666\" src=\"https:\/\/hockeyclubvalenciennes.com\/wp-content\/uploads\/2026\/04\/IMG_7446-1.jpeg\" alt=\"\" class=\"wp-image-715\" style=\"width:435px\" srcset=\"https:\/\/hockeyclubvalenciennes.com\/wp-content\/uploads\/2026\/04\/IMG_7446-1.jpeg 995w, https:\/\/hockeyclubvalenciennes.com\/wp-content\/uploads\/2026\/04\/IMG_7446-1-300x201.jpeg 300w, https:\/\/hockeyclubvalenciennes.com\/wp-content\/uploads\/2026\/04\/IMG_7446-1-768x514.jpeg 768w, https:\/\/hockeyclubvalenciennes.com\/wp-content\/uploads\/2026\/04\/IMG_7446-1-421x282.jpeg 421w\" sizes=\"auto, (max-width: 995px) 100vw, 995px\" \/><\/figure><\/div>\n\n\n<h2 class=\"wp-block-heading\">\u00c9quipe F\u00e9minine (Entente HCV\/RONCHIN)<\/h2>\n\n\n<div class=\"wp-block-image\">\n<figure class=\"aligncenter size-large is-resized\"><img loading=\"lazy\" decoding=\"async\" width=\"1024\" height=\"682\" src=\"https:\/\/hockeyclubvalenciennes.com\/wp-content\/uploads\/2024\/01\/efem-1024x682.jpg\" alt=\"\" class=\"wp-image-180\" style=\"width:446px;height:auto\" srcset=\"https:\/\/hockeyclubvalenciennes.com\/wp-content\/uploads\/2024\/01\/efem-1024x682.jpg 1024w, https:\/\/hockeyclubvalenciennes.com\/wp-content\/uploads\/2024\/01\/efem-300x200.jpg 300w, https:\/\/hockeyclubvalenciennes.com\/wp-content\/uploads\/2024\/01\/efem-768x512.jpg 768w, https:\/\/hockeyclubvalenciennes.com\/wp-content\/uploads\/2024\/01\/efem-1536x1024.jpg 1536w, https:\/\/hockeyclubvalenciennes.com\/wp-content\/uploads\/2024\/01\/efem-421x281.jpg 421w, https:\/\/hockeyclubvalenciennes.com\/wp-content\/uploads\/2024\/01\/efem.jpg 1772w\" sizes=\"auto, (max-width: 1024px) 100vw, 1024px\" \/><\/figure><\/div>\n\n\n<h2 class=\"wp-block-heading\">\u00c9quipe U17<\/h2>\n\n\n<div class=\"wp-block-image\">\n<figure class=\"aligncenter size-large is-resized\"><img loading=\"lazy\" decoding=\"async\" width=\"768\" height=\"1024\" src=\"https:\/\/hockeyclubvalenciennes.com\/wp-content\/uploads\/2026\/03\/IMG_7163-768x1024.jpeg\" alt=\"\" class=\"wp-image-565\" style=\"object-fit:cover;width:458px;height:300px\" srcset=\"https:\/\/hockeyclubvalenciennes.com\/wp-content\/uploads\/2026\/03\/IMG_7163-768x1024.jpeg 768w, https:\/\/hockeyclubvalenciennes.com\/wp-content\/uploads\/2026\/03\/IMG_7163-225x300.jpeg 225w, https:\/\/hockeyclubvalenciennes.com\/wp-content\/uploads\/2026\/03\/IMG_7163-1152x1536.jpeg 1152w, https:\/\/hockeyclubvalenciennes.com\/wp-content\/uploads\/2026\/03\/IMG_7163-1536x2048.jpeg 1536w, https:\/\/hockeyclubvalenciennes.com\/wp-content\/uploads\/2026\/03\/IMG_7163-scaled.jpeg 1920w\" sizes=\"auto, (max-width: 768px) 100vw, 768px\" \/><\/figure><\/div>\n\n\n<h2 class=\"wp-block-heading\"><\/h2>\n\n\n\n<h2 class=\"wp-block-heading\">\u00c9quipe U12 <\/h2>\n\n\n<div class=\"wp-block-image\">\n<figure class=\"aligncenter size-large is-resized\"><img loading=\"lazy\" decoding=\"async\" width=\"768\" height=\"1024\" src=\"https:\/\/hockeyclubvalenciennes.com\/wp-content\/uploads\/2026\/03\/att.eZ1VlOcCh8hkDBI-JDJg-1hLS_nfGUUYj0oUzv9YY6w-768x1024.jpg\" alt=\"\" class=\"wp-image-563\" style=\"object-fit:cover;width:458px;height:300px\" srcset=\"https:\/\/hockeyclubvalenciennes.com\/wp-content\/uploads\/2026\/03\/att.eZ1VlOcCh8hkDBI-JDJg-1hLS_nfGUUYj0oUzv9YY6w-768x1024.jpg 768w, https:\/\/hockeyclubvalenciennes.com\/wp-content\/uploads\/2026\/03\/att.eZ1VlOcCh8hkDBI-JDJg-1hLS_nfGUUYj0oUzv9YY6w-225x300.jpg 225w, https:\/\/hockeyclubvalenciennes.com\/wp-content\/uploads\/2026\/03\/att.eZ1VlOcCh8hkDBI-JDJg-1hLS_nfGUUYj0oUzv9YY6w-1152x1536.jpg 1152w, https:\/\/hockeyclubvalenciennes.com\/wp-content\/uploads\/2026\/03\/att.eZ1VlOcCh8hkDBI-JDJg-1hLS_nfGUUYj0oUzv9YY6w.jpg 1536w\" sizes=\"auto, (max-width: 768px) 100vw, 768px\" \/><\/figure><\/div>\n\n\n<h2 class=\"wp-block-heading\">\u00c9quipe U10<\/h2>\n\n\n<div class=\"wp-block-image\">\n<figure class=\"aligncenter size-large is-resized\"><img loading=\"lazy\" decoding=\"async\" width=\"768\" height=\"1024\" src=\"https:\/\/hockeyclubvalenciennes.com\/wp-content\/uploads\/2026\/03\/IMG_7094-768x1024.jpg\" alt=\"\" class=\"wp-image-562\" style=\"object-fit:cover;width:458px;height:300px\" srcset=\"https:\/\/hockeyclubvalenciennes.com\/wp-content\/uploads\/2026\/03\/IMG_7094-768x1024.jpg 768w, https:\/\/hockeyclubvalenciennes.com\/wp-content\/uploads\/2026\/03\/IMG_7094-225x300.jpg 225w, https:\/\/hockeyclubvalenciennes.com\/wp-content\/uploads\/2026\/03\/IMG_7094-1152x1536.jpg 1152w, https:\/\/hockeyclubvalenciennes.com\/wp-content\/uploads\/2026\/03\/IMG_7094-1536x2048.jpg 1536w, https:\/\/hockeyclubvalenciennes.com\/wp-content\/uploads\/2026\/03\/IMG_7094-scaled.jpg 1920w\" sizes=\"auto, (max-width: 768px) 100vw, 768px\" \/><\/figure><\/div>\n\n\n<h2 class=\"wp-block-heading\">\u00c9quipe U8<\/h2>\n\n\n<div class=\"wp-block-image\">\n<figure class=\"aligncenter size-large is-resized\"><img loading=\"lazy\" decoding=\"async\" width=\"768\" height=\"1024\" src=\"https:\/\/hockeyclubvalenciennes.com\/wp-content\/uploads\/2026\/03\/IMG_7063-edited-768x1024.jpeg\" alt=\"\" class=\"wp-image-560\" style=\"object-fit:cover;width:458px;height:300px\" srcset=\"https:\/\/hockeyclubvalenciennes.com\/wp-content\/uploads\/2026\/03\/IMG_7063-edited-768x1024.jpeg 768w, https:\/\/hockeyclubvalenciennes.com\/wp-content\/uploads\/2026\/03\/IMG_7063-edited-225x300.jpeg 225w, https:\/\/hockeyclubvalenciennes.com\/wp-content\/uploads\/2026\/03\/IMG_7063-edited-1152x1536.jpeg 1152w, https:\/\/hockeyclubvalenciennes.com\/wp-content\/uploads\/2026\/03\/IMG_7063-edited-1536x2048.jpeg 1536w, https:\/\/hockeyclubvalenciennes.com\/wp-content\/uploads\/2026\/03\/IMG_7063-edited-scaled.jpeg 1920w\" sizes=\"auto, (max-width: 768px) 100vw, 768px\" \/><\/figure><\/div>\n\n\n<h2 class=\"wp-block-heading\"><\/h2>\n","protected":false},"excerpt":{"rendered":"<p>\u00c9quipe 1 \u00c9quipe 2 \u00c9quipe F\u00e9minine (Entente HCV\/RONCHIN) \u00c9quipe U17 \u00c9quipe U12 \u00c9quipe U10 \u00c9quipe U8<\/p>\n","protected":false},"author":2,"featured_media":0,"parent":32,"menu_order":0,"comment_status":"closed","ping_status":"closed","template":"","meta":{"footnotes":""},"class_list":["post-119","page","type-page","status-publish","hentry"],"_links":{"self":[{"href":"https:\/\/hockeyclubvalenciennes.com\/index.php\/wp-json\/wp\/v2\/pages\/119","targetHints":{"allow":["GET"]}}],"collection":[{"href":"https:\/\/hockeyclubvalenciennes.com\/index.php\/wp-json\/wp\/v2\/pages"}],"about":[{"href":"https:\/\/hockeyclubvalenciennes.com\/index.php\/wp-json\/wp\/v2\/types\/page"}],"author":[{"embeddable":true,"href":"https:\/\/hockeyclubvalenciennes.com\/index.php\/wp-json\/wp\/v2\/users\/2"}],"replies":[{"embeddable":true,"href":"https:\/\/hockeyclubvalenciennes.com\/index.php\/wp-json\/wp\/v2\/comments?post=119"}],"version-history":[{"count":13,"href":"https:\/\/hockeyclubvalenciennes.com\/index.php\/wp-json\/wp\/v2\/pages\/119\/revisions"}],"predecessor-version":[{"id":718,"href":"https:\/\/hockeyclubvalenciennes.com\/index.php\/wp-json\/wp\/v2\/pages\/119\/revisions\/718"}],"up":[{"embeddable":true,"href":"https:\/\/hockeyclubvalenciennes.com\/index.php\/wp-json\/wp\/v2\/pages\/32"}],"wp:attachment":[{"href":"https:\/\/hockeyclubvalenciennes.com\/index.php\/wp-json\/wp\/v2\/media?parent=119"}],"curies":[{"name":"wp","href":"https:\/\/api.w.org\/{rel}","templated":true}]}}